{"id":45431,"date":"2016-03-10T18:51:46","date_gmt":"2016-03-10T18:51:46","guid":{"rendered":"https:\/\/gruporif.com\/terms-and-conditions\/"},"modified":"2024-12-17T18:22:56","modified_gmt":"2024-12-17T18:22:56","slug":"terms-and-conditions","status":"publish","type":"page","link":"https:\/\/gruporif.com\/de\/cookie-richtlinie\/","title":{"rendered":"Cookie-Richtlinie von Rif Inmobiliaria"},"content":{"rendered":"<p>Bei <strong>Rif Inmobiliaria<\/strong> verwenden wir Cookies und \u00e4hnliche Technologien, um ein besseres Surferlebnis zu bieten, den Datenverkehr auf unserer Website zu analysieren und Inhalte zu personalisieren. In \u00dcbereinstimmung mit der geltenden Gesetzgebung, insbesondere der Datenschutz-Grundverordnung (DSGVO) und dem Gesetz \u00fcber Dienste der Informationsgesellschaft und elektronischen Gesch\u00e4ftsverkehr (LSSICE), informieren wir Sie ausf\u00fchrlich \u00fcber die Verwendung von Cookies auf unserer Website.<\/p>\n<hr \/>\n<h4>1. Was sind Cookies?<\/h4>\n<p>Cookies sind kleine Textdateien, die auf Ihrem Ger\u00e4t gespeichert werden, wenn Sie eine Website besuchen. Dadurch k\u00f6nnen sich Websites Informationen \u00fcber Ihren Besuch merken, wie z. B. Ihre Pr\u00e4ferenzen oder ausgew\u00e4hlten Einstellungen, um Ihr Surferlebnis zu verbessern.<\/p>\n<hr \/>\n<h4>2. Arten von Cookies, die wir verwenden<\/h4>\n<p>Auf unserer Website verwenden wir die folgenden Kategorien von Cookies:<\/p>\n<ol>\n<li><strong>Unverzichtbare Cookies:<\/strong> Sie sind f\u00fcr das Funktionieren der Website erforderlich. Ohne sie w\u00e4ren einige Dienste nicht verf\u00fcgbar.<\/li>\n<li><strong>Analyse-Cookies:<\/strong> Sie helfen uns zu verstehen, wie Benutzer mit unserer Website interagieren, und sammeln Informationen anonym, um Leistung und Design zu verbessern.<\/li>\n<li><strong>Personalisierungs-Cookies:<\/strong> Diese erm\u00f6glichen es uns, Ihre Pr\u00e4ferenzen (z. B. Sprache oder Region) zu speichern, um Ihnen ein pers\u00f6nlicheres Erlebnis zu bieten.<\/li>\n<li><strong>Werbe-Cookies:<\/strong> Diese werden verwendet, um relevante Werbung basierend auf Ihren Interessen anzuzeigen.<\/li>\n<\/ol>\n<hr \/>\n<h4>3. Cookies von Drittanbietern<\/h4>\n<p>Einige Cookies k\u00f6nnen von Dritten verwaltet werden, beispielsweise von Analysediensten (z. B. Google Analytics) oder sozialen Netzwerken (z. B. Share-Buttons). Diese Unternehmen halten sich auch an ihre eigenen Datenschutz- und Cookie-Richtlinien.<\/p>\n<hr \/>\n<h4>4. Cookie-Verwaltung<\/h4>\n<p>Sie k\u00f6nnen Cookies in Ihren Browsereinstellungen verwalten oder deaktivieren:<\/p>\n<ul>\n<li><strong>Google Chrome:<\/strong> Anweisungen<\/li>\n<li><strong>Mozilla Firefox:<\/strong> <a href=\"https:\/\/support.mozilla.org\/es\/kb\/habilitar-y-deshabilitar-cookies\" target=\"_new\" rel=\"noopener\">Anweisungen<\/a><\/li>\n<li><strong>Microsoft Edge:<\/strong> <a href=\"https:\/\/support.microsoft.com\/es-es\/help\/4027947\/microsoft-edge-delete-cookies\" target=\"_new\" rel=\"noopener\">Anweisungen<\/a><\/li>\n<li><strong>Safari:<\/strong> <a href=\"https:\/\/support.apple.com\/es-es\/guide\/safari\/sfri11471\/mac\" target=\"_new\" rel=\"noopener\">Anweisungen<\/a><\/li>\n<\/ul>\n<p>Bitte beachten Sie, dass durch die Deaktivierung bestimmter Cookies die Funktionalit\u00e4t der Website beeintr\u00e4chtigt sein kann.<\/p>\n<hr \/>\n<h4>5. Zustimmung<\/h4>\n<p>Wenn Sie unsere Website aufrufen, wird ein Cookie-Hinweis angezeigt, in dem Sie um Ihre Zustimmung zur Verwendung gebeten werden. Sie k\u00f6nnen alle Cookies akzeptieren, sie nach Ihren W\u00fcnschen konfigurieren oder ablehnen.<\/p>\n<p>Wenn Sie sich sp\u00e4ter dazu entschlie\u00dfen, Ihre Einwilligung zu \u00e4ndern, k\u00f6nnen Sie dies \u00fcber unser Cookie-Einstellungstool auf der Website oder durch Anpassung Ihrer Browsereinstellungen tun.<\/p>\n<hr \/>\n<h4>6. Aktualisierungen unserer Cookie-Richtlinie<\/h4>\n<p>Wir k\u00f6nnen diese Cookie-Richtlinie aktualisieren, um \u00c4nderungen in der Gesetzgebung oder unseren internen Praktiken Rechnung zu tragen. Wir empfehlen Ihnen, diese Seite regelm\u00e4\u00dfig auf Aktualisierungen zu \u00fcberpr\u00fcfen.<\/p>\n<hr \/>\n<h4>7. Kontakt<\/h4>\n<p>Wenn Sie Fragen oder Bedenken zu unserer Cookie-Richtlinie haben, k\u00f6nnen Sie uns unter folgender Adresse kontaktieren:<\/p>\n<ul>\n<li><strong>Rif Inmobiliaria<\/strong><\/li>\n<li><strong>Adresse:<\/strong> Calle Torricelli, n\u00ba3, Casas Nuevas, Cruce de Melenara, T.M de Telde, 35214 Las Palmas de Gran Canaria<\/li>\n<li><strong>E-Mail:<\/strong> <a rel=\"noopener\">info@rifinmobiliaria.com<\/a><\/li>\n<li><strong>Telefon:<\/strong> +34 928 708 077<\/li>\n<\/ul>\n<hr \/>\n<p><strong>Letztes Update: <\/strong>18\/11\/2024.<\/p>\n","protected":false},"excerpt":{"rendered":"<p>Bei Rif Inmobiliaria verwenden wir Cookies und \u00e4hnliche Technologien, um ein besseres Surferlebnis zu bieten, den Datenverkehr auf unserer Website zu analysieren und Inhalte zu personalisieren. In \u00dcbereinstimmung mit der geltenden Gesetzgebung, insbesondere der Datenschutz-Grundverordnung (DSGVO) und dem Gesetz \u00fcber Dienste der Informationsgesellschaft und elektronischen Gesch\u00e4ftsverkehr (LSSICE), informieren wir Sie ausf\u00fchrlich \u00fcber die Verwendung von [&hellip;]<\/p>\n","protected":false},"author":1,"featured_media":0,"parent":0,"menu_order":0,"comment_status":"closed","ping_status":"closed","template":"","meta":{"footnotes":""},"_links":{"self":[{"href":"https:\/\/gruporif.com\/de\/wp-json\/wp\/v2\/pages\/45431"}],"collection":[{"href":"https:\/\/gruporif.com\/de\/wp-json\/wp\/v2\/pages"}],"about":[{"href":"https:\/\/gruporif.com\/de\/wp-json\/wp\/v2\/types\/page"}],"author":[{"embeddable":true,"href":"https:\/\/gruporif.com\/de\/wp-json\/wp\/v2\/users\/1"}],"replies":[{"embeddable":true,"href":"https:\/\/gruporif.com\/de\/wp-json\/wp\/v2\/comments?post=45431"}],"version-history":[{"count":3,"href":"https:\/\/gruporif.com\/de\/wp-json\/wp\/v2\/pages\/45431\/revisions"}],"predecessor-version":[{"id":45434,"href":"https:\/\/gruporif.com\/de\/wp-json\/wp\/v2\/pages\/45431\/revisions\/45434"}],"wp:attachment":[{"href":"https:\/\/gruporif.com\/de\/wp-json\/wp\/v2\/media?parent=45431"}],"curies":[{"name":"wp","href":"https:\/\/api.w.org\/{rel}","templated":true}]}}